{"id":5390,"date":"2022-09-29T15:42:08","date_gmt":"2022-09-29T13:42:08","guid":{"rendered":"https:\/\/stage.acfootballexperiences.eus\/politica-de-cookies\/"},"modified":"2023-03-01T12:55:43","modified_gmt":"2023-03-01T11:55:43","slug":"cookie-policy","status":"publish","type":"page","link":"https:\/\/stage.acfootballexperiences.eus\/en\/cookie-policy\/","title":{"rendered":"Cookie Policy"},"content":{"rendered":"<style id=\"kb-rowlayout_5e42a7-3c\">#kt-layout-id_5e42a7-3c > .kt-row-column-wrap{padding-top:80px;padding-bottom:80px;padding-left:80px;padding-right:80px;max-width:960px;margin-left:auto;margin-right:auto;}@media all and (max-width: 1024px){#kt-layout-id_5e42a7-3c > .kt-row-column-wrap{padding-top:40px;padding-right:40px;padding-bottom:40px;padding-left:40px;}}@media all and (max-width: 767px){#kt-layout-id_5e42a7-3c > .kt-row-column-wrap{padding-top:80px;padding-bottom:80px;padding-left:20px;padding-right:20px;}}<\/style>\n<section class=\"wp-block-kadence-rowlayout alignnone seccion-legal\"><div id=\"kt-layout-id_5e42a7-3c\" class=\"kt-row-layout-inner kt-layout-id_5e42a7-3c\"><div class=\"kt-row-column-wrap kt-has-1-columns kt-gutter-widest kt-v-gutter-narrow kt-row-valign-middle kt-row-layout-equal kt-tab-layout-inherit kt-m-colapse-left-to-right kt-mobile-layout-row\"><style id=\"kb-column_9ad1ab-0d\">.kadence-column_9ad1ab-0d{text-align:left;}@media all and (max-width: 767px){.kadence-column_9ad1ab-0d{text-align:left;}}<\/style>\n<div class=\"wp-block-kadence-column inner-column-1 kadence-column_9ad1ab-0d kb-section-dir-vertical kb-section-sm-dir-vertical\"><div class=\"kt-inside-inner-col\">\n<h1>POL\u00cdTICA DE COOKIES<\/h1>\n\n\n\n<h2>Pol\u00edtica de Cookies de Dimension Football<\/h2>\n\n\n\n<p>En <strong>Dimension Football<\/strong> utilizamos cookies con el objetivo de realizar tareas de an\u00e1lisis y ofrecerte un mejor servicio, proporcion\u00e1ndote una mejor experiencia en tu navegaci\u00f3n. Queremos informarte de manera clara y precisa sobre las cookies que utilizamos, detallando a continuaci\u00f3n, que es una cookie, para que sirve, que tipos de cookies utilizamos, cuales son su finalidad y como puedes configurarlas o deshabilitarlas si as\u00ed lo deseas.<\/p>\n\n\n\n<h2>\u00bfQu\u00e9 es una cookie y para qu\u00e9 sirve?<\/h2>\n\n\n\n<p>Una \u201cCookie\u201d es un peque\u00f1o archivo que se almacena en el ordenador del usuario, tablet, smartphone o cualquier otro dispositivo con informaci\u00f3n sobre la navegaci\u00f3n.<br\/><br\/>El conjunto de \u201ccookies\u201d de todos nuestros usuarios nos ayuda a mejorar la calidad de nuestra web, permiti\u00e9ndonos controlar qu\u00e9 p\u00e1ginas son \u00fatiles, cu\u00e1les no y cu\u00e1les son susceptibles de mejora.<br\/><br\/>Las cookies son esenciales para el funcionamiento de internet, aportando innumerables ventajas en la prestaci\u00f3n de servicios interactivos, facilit\u00e1ndote la navegaci\u00f3n y usabilidad de nuestra web.<br\/><br\/>En ning\u00fan caso las cookies podr\u00edan da\u00f1ar tu equipo. Por contra, el que est\u00e9n activas nos ayuda a identificar y resolver los errores.<\/p>\n\n\n\n<h2>Tipos de cookies seg\u00fan vencimiento<\/h2>\n\n\n\n<p>Las Cookies utilizadas en Dimension Football pueden tener los siguientes tipos devencimientos:<br\/><br\/>1. De sesi\u00f3n: Con vencimiento una vez que el usuario sale de la sesi\u00f3n.<br\/><br\/>2. De Servicio Relacionadas con alg\u00fan servicio personalizado dentro del site, convencimiento inferior a veinticuatro horas (24h).<br\/><br\/>3. Persistentes: quedan permanentemente instaladas en tu navegador y son activadas cada vez que visitas el site, siempre y cuando no se desactive su uso.<\/p>\n\n\n<p>[cmplz-cookies]<\/p>\n\n\n\n<h2>\u00bfC\u00f3mo puedes configurar o deshabilitar tus cookies?<\/h2>\n\n\n\n<p>Puedes permitir, bloquear o eliminar las cookies instaladas en su equipo mediante la configuraci\u00f3n de las opciones de tu navegador de Internet. En caso de que no permitas la instalaci\u00f3n de cookies en tu navegador es posible que no puedas acceder a algunos de los servicios y que tu experiencia en nuestra web pueda resultar menos satisfactoria.<br\/><br\/>En los siguientes enlaces tienes a tu disposici\u00f3n toda la informaci\u00f3n para configurar o deshabilitar tus cookies en cada navegador:<br\/><br\/><a href=\"https:\/\/support.google.com\/chrome\/answer\/95647?hl=es\" rel=\"nofollow noopener\" target=\"_blank\">\u2022 Google Chrome<\/a><br\/><br\/><a href=\"https:\/\/support.mozilla.org\/es\/kb\/habilitar-y-deshabilitar-cookies-que-los-sitios-we\" rel=\"nofollow noopener\" target=\"_blank\">\u2022 Mozilla Firefox<\/a><br\/><br\/><a href=\"http:\/\/windows.microsoft.com\/es-es\/windows-vista\/block-or-allow-cookies\" rel=\"nofollow noopener\" target=\"_blank\">\u2022 Internet Explorer<\/a><br\/><br\/><a href=\"http:\/\/www.apple.com\/es\/support\/\" rel=\"nofollow noopener\" target=\"_blank\">\u2022 Safari<\/a><br\/><br\/><a href=\"http:\/\/www.apple.com\/es\/support\/\" rel=\"nofollow noopener\" target=\"_blank\">\u2022 Safari para iOS (iPhone y iPad)<\/a><br\/><br\/><a href=\"https:\/\/support.google.com\/chrome\/answer\/2392971?hl=es\" rel=\"nofollow noopener\" target=\"_blank\">\u2022 Google Chrome para Android<\/a><\/p>\n\n\n\n<h2>Consentimiento<\/h2>\n\n\n\n<p>En DImension Football nunca guardamos los datos personales de nuestros usuarios, a excepci\u00f3n de la direcci\u00f3n IP de acuerdo a lo descrito anteriormente, salvo que quieras, de forma voluntaria recibir informaci\u00f3n sobre cursos y contenidos de tu inter\u00e9s.<br\/>Al navegar y continuar en nuestra web nos indicas que est\u00e1s consintiendo el uso de las cookies antes enunciadas, y en las condiciones contenidas en la presente Pol\u00edtica de Cookies<\/p>\n<\/div><\/div>\n<\/div><\/div><\/section>\n","protected":false},"excerpt":{"rendered":"<p>POL\u00cdTICA DE COOKIES Pol\u00edtica de Cookies de Dimension Football En Dimension Football utilizamos cookies con el objetivo de realizar tareas de an\u00e1lisis y ofrecerte un mejor servicio, proporcion\u00e1ndote una mejor experiencia en tu navegaci\u00f3n. Queremos informarte de manera clara y precisa sobre las cookies que utilizamos, detallando a continuaci\u00f3n, que es una cookie, para que&#8230;<\/p>\n","protected":false},"author":1,"featured_media":0,"parent":0,"menu_order":0,"comment_status":"closed","ping_status":"open","template":"","meta":{"_kad_blocks_custom_css":"","_kad_blocks_head_custom_js":"","_kad_blocks_body_custom_js":"","_kad_blocks_footer_custom_js":"","_kad_post_transparent":"","_kad_post_title":"","_kad_post_layout":"","_kad_post_sidebar_id":"","_kad_post_content_style":"","_kad_post_vertical_padding":"","_kad_post_feature":"","_kad_post_feature_position":"","_kad_post_header":false,"_kad_post_footer":false},"featured_image_src_large":false,"author_info":{"display_name":"AC DIMENSI\u00d3N","author_link":"https:\/\/stage.acfootballexperiences.eus\/en\/author\/web_v3lxfkp7\/"},"comment_info":0,"taxonomy_info":[],"_links":{"self":[{"href":"https:\/\/stage.acfootballexperiences.eus\/en\/wp-json\/wp\/v2\/pages\/5390"}],"collection":[{"href":"https:\/\/stage.acfootballexperiences.eus\/en\/wp-json\/wp\/v2\/pages"}],"about":[{"href":"https:\/\/stage.acfootballexperiences.eus\/en\/wp-json\/wp\/v2\/types\/page"}],"author":[{"embeddable":true,"href":"https:\/\/stage.acfootballexperiences.eus\/en\/wp-json\/wp\/v2\/users\/1"}],"replies":[{"embeddable":true,"href":"https:\/\/stage.acfootballexperiences.eus\/en\/wp-json\/wp\/v2\/comments?post=5390"}],"version-history":[{"count":1,"href":"https:\/\/stage.acfootballexperiences.eus\/en\/wp-json\/wp\/v2\/pages\/5390\/revisions"}],"predecessor-version":[{"id":5427,"href":"https:\/\/stage.acfootballexperiences.eus\/en\/wp-json\/wp\/v2\/pages\/5390\/revisions\/5427"}],"wp:attachment":[{"href":"https:\/\/stage.acfootballexperiences.eus\/en\/wp-json\/wp\/v2\/media?parent=5390"}],"curies":[{"name":"wp","href":"https:\/\/api.w.org\/{rel}","templated":true}]}}